{"id":11866,"date":"2023-03-23T15:30:42","date_gmt":"2023-03-23T15:30:42","guid":{"rendered":"https:\/\/bergehenegouwen.nl\/?post_type=product&#038;p=11866"},"modified":"2025-01-24T11:16:20","modified_gmt":"2025-01-24T11:16:20","slug":"miele-weg-375-wps-powerwash-2-0","status":"publish","type":"product","link":"https:\/\/bergehenegouwen.nl\/index.php\/product\/miele-weg-375-wps-powerwash-2-0\/","title":{"rendered":"Miele WEG375WPS POWERWASH 2.0"},"content":{"rendered":"<div class=\"product-description active\">\n<div class=\"wrapper\">\n<p>Sneller schoon is niet mogelijk \u2013 QuickPowerWash<br \/>\nBehoedzame\u00a0wasbehandeling met de SoftCare-trommel van Miele<br \/>\nKortere strijktijd dankzij voorstrijken<br \/>\nDisplay met comfortabele druktoetsbediening &#8211; ComfortSensor<br \/>\nSlimme wasbehandeling met WiFiConn@ct<\/p>\n<p><strong>Miele wasmachines hebben niet voor niets het keurmerk \u2018Geteste Hygi\u00ebne\u2019<\/strong><\/p>\n<p>Wist jij dat kleding die schoon l\u00edjkt, niet per se schoon \u00eds? Jouw wasgoed mag dan wel vlekvrij zijn, maar die grote hoeveelheid bacteri\u00ebn en ziektekiemen die we dagelijks tegenkomen? Die zie je dus niet op kleding. Maar helaas zijn ze er wel \u2026 Daarom stellen mensen steeds hogere hygi\u00ebne-eisen bij het wassen. Bij Miele zijn we erg bewust van het belang van goede hygi\u00ebne, vandaar dat we er alles aan doen om aan die strenge hygi\u00ebne-eisen voldoen. We leggen je hieronder graag uit hoe.<\/p>\n<p><strong>LGA-keurmerk \u2018Geteste Hygiene\u2019<\/strong><\/p>\n<p>Bij Miele geloven we niet dat de slager zijn eigen vlees keurt. Daarom hebben wij onze wasmachines en reinigingsproducten extern laten testen, namelijk door Prof. Dr. Bockm\u00fchl van de Rhein-Waal Universiteit voor Toegepaste Wetenschappen, specialist op het gebied van hygi\u00ebne en microbiologie in en rondom huis. Het resultaat: toekenning van het keurmerk \u2018Geteste Hygi\u00ebne\u2019 voor zowel ons programma katoen hygi\u00ebne (60\u00b0C) en het programma met de unieke AllergoWash-optie.<\/p>\n<p><strong>Programma katoen hygi\u00ebne<\/strong><\/p>\n<p>Ons katoen hygi\u00ebneprogramma verhoogt de vermindering van ziektekiemen door de hoge watertemperatuur van 60\u00b0C, gecombineerd met het vasthouden van deze temperatuur tot 60 minuten. Deze twee factoren samen maken korte metten met ziektekiemen en bacteri\u00ebn.<\/p>\n<p><strong>AllergoWash<\/strong><\/p>\n<p>Afhankelijk van het model wasmachine, kan deze optie aan verschillende wasprogramma\u2019s en temperaturen worden toegevoegd. Door een intelligent energiegebruik, het verhoogde waterpeil tijdens het wassen, en spoelen plus extra stomen na het einde van de hoofdwas en het wasmiddel worden ziektekiemen en bacteri\u00ebn veilig ge\u00eblimineerd. Zelfs bij 40\u00b0C!<\/p>\n<p><strong>UltraPhase 2 en UltraWhite<\/strong><\/p>\n<p>Wil je toch graag op lage temperaturen blijven wassen, maar voel je wel wat voor hygi\u00ebnisch schoner wasgoed? Gebruik dan\u00a0UltraPhase 2 en\/of UltraWhite\u00a0van Miele. Deze wasmiddelen bevatten bleek, wat de hygi\u00ebne en reinigingsprestaties tijdens het wasproces verhoogt.<\/p>\n<p>UltraWhite van Miele, het woord zegt het eigenlijk al, dit wasmiddel is bedoeld voor de witte was. En bij UltraPhase 2 mengt het TwinDos-systeem automatisch UltraPhase 1 en 2 in verschillende hoeveelheden, ongeacht of je een witte of bonte was draait. Het milde bleekmiddel van UltraPhase 2 verwijdert zelfs lastige kleurstofhoudende vlekken (koffie, thee, rode wijn) uit jouw bonte was. De speciale kleurverzorging zorgt ervoor dat de kleuren van uw was behouden blijven.<\/p>\n<p>Bleekmiddel werkt desinfecterend en kan daardoor ziektekiemen doden. Normaal gesproken bereikt bleekmiddel alleen zijn optimale effect bij temperaturen van rond de 60\u00b0C. Maar in combinatie met de bleekactivator TAED wordt het bleekmiddel in onze wasmiddelen ook geactiveerd bij lage(re) temperaturen. Hierdoor worden ziektekiemen al bij lage temperaturen (30 of 40\u00b0C) aanzienlijk minder en wordt dus sneller een desinfecterend effect bereikt. Ideaal!<\/p>\n<p><strong>Houd ook je wasmachine schoon<\/strong><\/p>\n<p>Vergeet niet de wasmachine zelf schoon te houden! Een schone machine verhoogt namelijk de mate van hygi\u00ebne. Kies voor een grondige reiniging het programma \u2018Machine reinigen\u2019. Dit programma werkt met een hoge temperatuur en hoger waterpeil, waardoor optimale hygi\u00ebne wordt gegarandeerd.<\/p>\n<p><strong>Welke wasmachine?<\/strong><\/p>\n<p>Wij begrijpen maar al te goed dat je streeft naar een optimaal hygi\u00ebnisch wasresultaat. Dat is namelijk niet alleen goed voor je was, maar ook voor jezelf. Maar welke modellen hebben nu al deze opties en programma\u2019s?<\/p>\n<p>Alle huidige types met ComfortSensor control (single-line display) hebben de AllergoWash-optie en het programma \u2018Machine Reinigen\u2019.<\/p>\n<p>Alle machines met M-Touch zijn uitgerust met het programma katoen hygi\u00ebne, de AllergoWash-optie en het programma \u2018Machine Reinigen\u2019.<\/p>\n<\/div>\n<\/div>\n<div class=\"readmore-less\"><span class=\"readless\">\u00a0<\/span><\/div>\n<div class=\"product-details\">\n<div class=\"additional-info\">\n<h3 class=\"title\">Specificaties<\/h3>\n<div class=\"additional-attributes-wrapper table-wrapper\">\n<table id=\"product-attribute-specs-table\" class=\"data table additional-attributes\">\n<caption class=\"table-caption\">Meer informatie<\/caption>\n<tbody>\n<tr>\n<th class=\"col label\" scope=\"row\">Vulgewicht (kg)<\/th>\n<td class=\"col data\" data-th=\"Vulgewicht (kg)\">9.00<\/td>\n<\/tr>\n<tr>\n<th class=\"col label\" scope=\"row\">Maximale toerental (centrifuge (toeren per minuut)<\/th>\n<td class=\"col data\" data-th=\"Maximale toerental (centrifuge (toeren per minuut)\">1400.00<\/td>\n<\/tr>\n<tr>\n<th class=\"col label\" scope=\"row\">Energieklasse<\/th>\n<td class=\"col data\" data-th=\"Energieklasse\">A<\/td>\n<\/tr>\n<tr>\n<th class=\"col label\" scope=\"row\">Geluidsniveau wassen (dB)<\/th>\n<td class=\"col data\" data-th=\"Geluidsniveau wassen (dB)\">48.00<\/td>\n<\/tr>\n<tr>\n<th class=\"col label\" scope=\"row\">Geluidsniveau centrifugeren (dB)<\/th>\n<td class=\"col data\" data-th=\"Geluidsniveau centrifugeren (dB)\">68.00<\/td>\n<\/tr>\n<tr>\n<th class=\"col label\" scope=\"row\">Breedte (mm)<\/th>\n<td class=\"col data\" data-th=\"Breedte (mm)\">596.00<\/td>\n<\/tr>\n<tr>\n<th class=\"col label\" scope=\"row\">Diepte (mm)<\/th>\n<td class=\"col data\" data-th=\"Diepte (mm)\">636.00<\/td>\n<\/tr>\n<tr>\n<th class=\"col label\" scope=\"row\">Hoogte (mm)<\/th>\n<td class=\"col data\" data-th=\"Hoogte (mm)\">850.00<\/td>\n<\/tr>\n<tr>\n<th class=\"col label\" scope=\"row\">Kleur<\/th>\n<td class=\"col data\" data-th=\"Kleur\">Wit<\/td>\n<\/tr>\n<tr>\n<th class=\"col label\" scope=\"row\">Trommelreiniging<\/th>\n<td class=\"col data\" data-th=\"Trommelreiniging\">Ja<\/td>\n<\/tr>\n<tr>\n<th class=\"col label\" scope=\"row\">Merkspecifieke functie wassen<\/th>\n<td class=\"col data\" data-th=\"Merkspecifieke functie wassen\">Miele Speedcare (PowerWash 2.0),Miele WifiConn@ct<\/td>\n<\/tr>\n<tr>\n<th class=\"col label\" scope=\"row\">Koolborstelloze motor<\/th>\n<td class=\"col data\" data-th=\"Koolborstelloze motor\">Ja<\/td>\n<\/tr>\n<tr>\n<th class=\"col label\" scope=\"row\">Trommelsysteem<\/th>\n<td class=\"col data\" data-th=\"Trommelsysteem\">SoftCare trommel<\/td>\n<\/tr>\n<tr>\n<th class=\"col label\" scope=\"row\">Trommelmateriaal<\/th>\n<td class=\"col data\" data-th=\"Trommelmateriaal\">RVS<\/td>\n<\/tr>\n<tr>\n<th class=\"col label\" scope=\"row\">Resttijdindicatie<\/th>\n<td class=\"col data\" data-th=\"Resttijdindicatie\">Ja<\/td>\n<\/tr>\n<tr>\n<th class=\"col label\" scope=\"row\">Starttijduitstel<\/th>\n<td class=\"col data\" data-th=\"Starttijduitstel\">Ja<\/td>\n<\/tr>\n<tr>\n<th class=\"col label\" scope=\"row\">Wasresultaatklasse<\/th>\n<td class=\"col data\" data-th=\"Wasresultaatklasse\">A<\/td>\n<\/tr>\n<tr>\n<th class=\"col label\" scope=\"row\">Droogresultaatklasse<\/th>\n<td class=\"col data\" data-th=\"Droogresultaatklasse\">B<\/td>\n<\/tr>\n<tr>\n<th class=\"col label\" scope=\"row\">Automatische wasmiddeldosering<\/th>\n<td class=\"col data\" data-th=\"Automatische wasmiddeldosering\">Nee<\/td>\n<\/tr>\n<tr>\n<th class=\"col label\" scope=\"row\">Zelfreinigende wasmiddellade<\/th>\n<td class=\"col data\" data-th=\"Zelfreinigende wasmiddellade\">Ja<\/td>\n<\/tr>\n<tr>\n<th class=\"col label\" scope=\"row\">Soort waterbeveiliging<\/th>\n<td class=\"col data\" data-th=\"Soort waterbeveiliging\">Meervoudige waterbeveiliging<\/td>\n<\/tr>\n<tr>\n<th class=\"col label\" scope=\"row\">Beladingherkenning<\/th>\n<td class=\"col data\" data-th=\"Beladingherkenning\">Ja<\/td>\n<\/tr>\n<tr>\n<th class=\"col label\" scope=\"row\">WiFi<\/th>\n<td class=\"col data\" data-th=\"WiFi\">Ja<\/td>\n<\/tr>\n<tr>\n<th class=\"col label\" scope=\"row\">Geschikt voor Smarthome<\/th>\n<td class=\"col data\" data-th=\"Geschikt voor Smarthome\">Ja<\/td>\n<\/tr>\n<tr>\n<th class=\"col label\" scope=\"row\">Bedienapp<\/th>\n<td class=\"col data\" data-th=\"Bedienapp\">Ja<\/td>\n<\/tr>\n<tr>\n<th class=\"col label\" scope=\"row\">Kuipmateriaal<\/th>\n<td class=\"col data\" data-th=\"Kuipmateriaal\">RVS<\/td>\n<\/tr>\n<tr>\n<th class=\"col label\" scope=\"row\">Typenummer<\/th>\n<td class=\"col data\" data-th=\"Typenummer\">WEG375WPSPOWERWASH20<\/td>\n<\/tr>\n<\/tbody>\n<\/table>\n<\/div>\n<\/div>\n<\/div>\n","protected":false},"excerpt":{"rendered":"<p>Sneller schoon is niet mogelijk \u2013 QuickPowerWash Behoedzame\u00a0wasbehandeling met de SoftCare-trommel van Miele Kortere strijktijd dankzij voorstrijken Display met comfortabele [&hellip;]<\/p>\n","protected":false},"featured_media":13496,"comment_status":"open","ping_status":"closed","template":"","meta":{"site-sidebar-layout":"default","site-content-layout":"","ast-site-content-layout":"default","site-content-style":"default","site-sidebar-style":"default","ast-global-header-display":"","ast-banner-title-visibility":"","ast-main-header-display":"","ast-hfb-above-header-display":"","ast-hfb-below-header-display":"","ast-hfb-mobile-header-display":"","site-post-title":"","ast-breadcrumbs-content":"","ast-featured-img":"","footer-sml-layout":"","ast-disable-related-posts":"","theme-transparent-header-meta":"","adv-header-id-meta":"","stick-header-meta":"","header-above-stick-meta":"","header-main-stick-meta":"","header-below-stick-meta":"","astra-migrate-meta-layouts":"default","ast-page-background-enabled":"default","ast-page-background-meta":{"desktop":{"background-color":"var(--ast-global-color-5)","background-image":"","background-repeat":"repeat","background-position":"center center","background-size":"auto","background-attachment":"scroll","background-type":"","background-media":"","overlay-type":"","overlay-color":"","overlay-opacity":"","overlay-gradient":""},"tablet":{"background-color":"","background-image":"","background-repeat":"repeat","background-position":"center center","background-size":"auto","background-attachment":"scroll","background-type":"","background-media":"","overlay-type":"","overlay-color":"","overlay-opacity":"","overlay-gradient":""},"mobile":{"background-color":"","background-image":"","background-repeat":"repeat","background-position":"center center","background-size":"auto","background-attachment":"scroll","background-type":"","background-media":"","overlay-type":"","overlay-color":"","overlay-opacity":"","overlay-gradient":""}},"ast-content-background-meta":{"desktop":{"background-color":"var(--ast-global-color-4)","background-image":"","background-repeat":"repeat","background-position":"center center","background-size":"auto","background-attachment":"scroll","background-type":"","background-media":"","overlay-type":"","overlay-color":"","overlay-opacity":"","overlay-gradient":""},"tablet":{"background-color":"var(--ast-global-color-4)","background-image":"","background-repeat":"repeat","background-position":"center center","background-size":"auto","background-attachment":"scroll","background-type":"","background-media":"","overlay-type":"","overlay-color":"","overlay-opacity":"","overlay-gradient":""},"mobile":{"background-color":"var(--ast-global-color-4)","background-image":"","background-repeat":"repeat","background-position":"center center","background-size":"auto","background-attachment":"scroll","background-type":"","background-media":"","overlay-type":"","overlay-color":"","overlay-opacity":"","overlay-gradient":""}}},"product_brand":[],"product_cat":[37],"product_tag":[],"class_list":{"0":"post-11866","1":"product","2":"type-product","3":"status-publish","4":"has-post-thumbnail","6":"product_cat-wasmachines","7":"pa_energielabel-a-2","8":"pa_merk-miele","9":"desktop-align-left","10":"tablet-align-left","11":"mobile-align-left","13":"first","14":"instock","15":"taxable","16":"shipping-taxable","17":"purchasable","18":"product-type-simple"},"_links":{"self":[{"href":"https:\/\/bergehenegouwen.nl\/index.php\/wp-json\/wp\/v2\/product\/11866","targetHints":{"allow":["GET"]}}],"collection":[{"href":"https:\/\/bergehenegouwen.nl\/index.php\/wp-json\/wp\/v2\/product"}],"about":[{"href":"https:\/\/bergehenegouwen.nl\/index.php\/wp-json\/wp\/v2\/types\/product"}],"replies":[{"embeddable":true,"href":"https:\/\/bergehenegouwen.nl\/index.php\/wp-json\/wp\/v2\/comments?post=11866"}],"wp:featuredmedia":[{"embeddable":true,"href":"https:\/\/bergehenegouwen.nl\/index.php\/wp-json\/wp\/v2\/media\/13496"}],"wp:attachment":[{"href":"https:\/\/bergehenegouwen.nl\/index.php\/wp-json\/wp\/v2\/media?parent=11866"}],"wp:term":[{"taxonomy":"product_brand","embeddable":true,"href":"https:\/\/bergehenegouwen.nl\/index.php\/wp-json\/wp\/v2\/product_brand?post=11866"},{"taxonomy":"product_cat","embeddable":true,"href":"https:\/\/bergehenegouwen.nl\/index.php\/wp-json\/wp\/v2\/product_cat?post=11866"},{"taxonomy":"product_tag","embeddable":true,"href":"https:\/\/bergehenegouwen.nl\/index.php\/wp-json\/wp\/v2\/product_tag?post=11866"}],"curies":[{"name":"wp","href":"https:\/\/api.w.org\/{rel}","templated":true}]}}